{"id":1815,"date":"2021-11-25T08:48:45","date_gmt":"2021-11-25T08:48:45","guid":{"rendered":"https:\/\/galacricri.com\/agence\/"},"modified":"2022-11-25T00:04:51","modified_gmt":"2022-11-25T00:04:51","slug":"agency-2","status":"publish","type":"page","link":"https:\/\/galacricri.com\/fr\/","title":{"rendered":"Home"},"content":{"rendered":"<div class=\"bm-builder clearfix \"><div id=\"\" class=\"module col-0 module-id-1669334690477\" data-module-col=\"0\"><div class=\"module-inside slider-inside post-0-3083\" style=\"--top-mod: 0px;--bottom-mod: 0px;--top-mod-m:0px;--bottom-mod-m:0px;\" ><div class=\"slider-mod-wrap slider-style1 slide-des-bottom-left slide-arrow-show-default \" ><div class=\"owl-carousel \" data-item=\"1\" data-mobileitem=\"1\" data-center=\"false\" data-margin=\"0\" data-marginmobile=\"0\" data-autowidth=\"false\" data-slideby=\"1\" data-showdot=\"true\" data-loop=\"true\" data-nav=\"false\" data-animateout=\"fadeOut\" data-animatein=\"fadeIn\" data-mousedrag=\"false\" data-mousewheel=\"false\" data-transition=\"1200\" data-auto=\"true\" data-autoplayTimeout=\"3000\" data-autohide=\"false\" data-lazy=\"true\" data-random=\"false\" ><section class=\"item\" data-logocolor=\"alt-logo\" data-menucolor=\"alt-menu\" data-id=\"post-0-3083\"><div class=\"slide-item-wrap\"><div class=\"slide-item-des\"><div class=\"slide-item-des-wrap\"><\/div><\/div><div class=\"carousel-img-wrap ux-ajax-page-transition-link\" style=\"\"><a href=\"#\" class=\"slider-item-link\" title=\"Home page\" rel=\" \"><img src=\"data:image\/gif;base64,R0lGODlhAQABAIAAAAAAAP\/\/\/yH5BAEAAAAALAAAAAABAAEAAAIBRAA7\" data-src=\"https:\/\/galacricri.com\/wp-content\/uploads\/2022\/11\/Home-page.jpg\" alt=\"\" data-srcset=\"https:\/\/galacricri.com\/wp-content\/uploads\/2022\/11\/Home-page.jpg 2339w, https:\/\/galacricri.com\/wp-content\/uploads\/2022\/11\/Home-page-300x212.jpg 300w, https:\/\/galacricri.com\/wp-content\/uploads\/2022\/11\/Home-page-1024x724.jpg 1024w, https:\/\/galacricri.com\/wp-content\/uploads\/2022\/11\/Home-page-768x543.jpg 768w, https:\/\/galacricri.com\/wp-content\/uploads\/2022\/11\/Home-page-1536x1086.jpg 1536w, https:\/\/galacricri.com\/wp-content\/uploads\/2022\/11\/Home-page-2048x1448.jpg 2048w, https:\/\/galacricri.com\/wp-content\/uploads\/2022\/11\/Home-page-350x247.jpg 350w, https:\/\/galacricri.com\/wp-content\/uploads\/2022\/11\/Home-page-650x460.jpg 650w, https:\/\/galacricri.com\/wp-content\/uploads\/2022\/11\/Home-page-1000x707.jpg 1000w, https:\/\/galacricri.com\/wp-content\/uploads\/2022\/11\/Home-page-2000x1414.jpg 2000w\" data-sizes=\"(max-width: 480px) 320px,(max-width: 767px) 500px,(max-width: 2339px) 100vw, 2339px\" class=\"grid-item-img owl-lazy lazy\" ><\/a><\/div><\/div><\/section><section class=\"item\" data-logocolor=\"alt-logo\" data-menucolor=\"alt-menu\" data-id=\"post-1-3084\"><div class=\"slide-item-wrap\"><div class=\"slide-item-des\"><div class=\"slide-item-des-wrap\"><\/div><\/div><div class=\"carousel-img-wrap ux-ajax-page-transition-link\" style=\"\"><a href=\"#\" class=\"slider-item-link\" title=\"Home page 2\" rel=\" \"><img src=\"data:image\/gif;base64,R0lGODlhAQABAIAAAAAAAP\/\/\/yH5BAEAAAAALAAAAAABAAEAAAIBRAA7\" data-src=\"https:\/\/galacricri.com\/wp-content\/uploads\/2022\/11\/Home-page-2.jpg\" alt=\"\" data-srcset=\"https:\/\/galacricri.com\/wp-content\/uploads\/2022\/11\/Home-page-2.jpg 2339w, https:\/\/galacricri.com\/wp-content\/uploads\/2022\/11\/Home-page-2-300x212.jpg 300w, https:\/\/galacricri.com\/wp-content\/uploads\/2022\/11\/Home-page-2-1024x724.jpg 1024w, https:\/\/galacricri.com\/wp-content\/uploads\/2022\/11\/Home-page-2-768x543.jpg 768w, https:\/\/galacricri.com\/wp-content\/uploads\/2022\/11\/Home-page-2-1536x1086.jpg 1536w, https:\/\/galacricri.com\/wp-content\/uploads\/2022\/11\/Home-page-2-2048x1448.jpg 2048w, https:\/\/galacricri.com\/wp-content\/uploads\/2022\/11\/Home-page-2-350x247.jpg 350w, https:\/\/galacricri.com\/wp-content\/uploads\/2022\/11\/Home-page-2-650x460.jpg 650w, https:\/\/galacricri.com\/wp-content\/uploads\/2022\/11\/Home-page-2-1000x707.jpg 1000w, https:\/\/galacricri.com\/wp-content\/uploads\/2022\/11\/Home-page-2-2000x1414.jpg 2000w\" data-sizes=\"(max-width: 480px) 320px,(max-width: 767px) 500px,(max-width: 2339px) 100vw, 2339px\" class=\"grid-item-img owl-lazy lazy\" ><\/a><\/div><\/div><\/section><section class=\"item\" data-logocolor=\"alt-logo\" data-menucolor=\"alt-menu\" data-id=\"post-2-3085\"><div class=\"slide-item-wrap\"><div class=\"slide-item-des\"><div class=\"slide-item-des-wrap\"><\/div><\/div><div class=\"carousel-img-wrap ux-ajax-page-transition-link\" style=\"\"><a href=\"#\" class=\"slider-item-link\" title=\"Home page 3\" rel=\" \"><img src=\"data:image\/gif;base64,R0lGODlhAQABAIAAAAAAAP\/\/\/yH5BAEAAAAALAAAAAABAAEAAAIBRAA7\" data-src=\"https:\/\/galacricri.com\/wp-content\/uploads\/2022\/11\/Home-page-3.jpg\" alt=\"\" data-srcset=\"https:\/\/galacricri.com\/wp-content\/uploads\/2022\/11\/Home-page-3.jpg 2339w, https:\/\/galacricri.com\/wp-content\/uploads\/2022\/11\/Home-page-3-300x212.jpg 300w, https:\/\/galacricri.com\/wp-content\/uploads\/2022\/11\/Home-page-3-1024x724.jpg 1024w, https:\/\/galacricri.com\/wp-content\/uploads\/2022\/11\/Home-page-3-768x543.jpg 768w, https:\/\/galacricri.com\/wp-content\/uploads\/2022\/11\/Home-page-3-1536x1086.jpg 1536w, https:\/\/galacricri.com\/wp-content\/uploads\/2022\/11\/Home-page-3-2048x1448.jpg 2048w, https:\/\/galacricri.com\/wp-content\/uploads\/2022\/11\/Home-page-3-350x247.jpg 350w, https:\/\/galacricri.com\/wp-content\/uploads\/2022\/11\/Home-page-3-650x460.jpg 650w, https:\/\/galacricri.com\/wp-content\/uploads\/2022\/11\/Home-page-3-1000x707.jpg 1000w, https:\/\/galacricri.com\/wp-content\/uploads\/2022\/11\/Home-page-3-2000x1414.jpg 2000w\" data-sizes=\"(max-width: 480px) 320px,(max-width: 767px) 500px,(max-width: 2339px) 100vw, 2339px\" class=\"grid-item-img owl-lazy lazy\" ><\/a><\/div><\/div><\/section><\/div><!--End owl --><\/div><\/div><\/div><div id=\"\" class=\"module col-12 module-id-1669334691496 col-offset-0\" data-module-col=\"12\"><div class=\"module-inside text-inside\" style=\"--top-mod: 60px;--bottom-mod: 20px;--top-mod-m:30px;--bottom-mod-m:20px;\" ><div class=\"text_block_out\"  data-effect=\"standard\" style=\"\"><div class=\"text_block ux-mod-nobg\"><div class=\"text_block_inn\"><div id=\"text-1669334691496\" class=\"text_block_centered text_block_centered_enable_width\"  style=\"\"><h4>Un lieu dont l&#39;initiative vient d&#39;un d\u00e9sir de d\u00e9dier un espace \u00e0 la danse un peu fantastique o\u00f9 la sc\u00e9nographie et les costumes sont tr\u00e8s pr\u00e9sents pour nous plonger dans une atmosph\u00e8re de r\u00eave.<\/h4><\/div><\/div><\/div><\/div><\/div><\/div><\/div>","protected":false},"excerpt":{"rendered":"<p>Un lieu dont l&#39;initiative vient d&#39;un d\u00e9sir de d\u00e9dier un &hellip;<\/p>\n","protected":false},"author":1,"featured_media":0,"parent":0,"menu_order":0,"comment_status":"closed","ping_status":"closed","template":"","meta":{"inline_featured_image":false,"_mi_skip_tracking":false},"acf":[],"yoast_head":"<!-- This site is optimized with the Yoast SEO plugin v19.10 - https:\/\/yoast.com\/wordpress\/plugins\/seo\/ -->\n<title>Gala Cricri Website<\/title>\n<meta name=\"description\" content=\"O Pal\u00e1cio do Grilo \u00e9 um restaurante no meio de um teatro vivo onde cada membro da equipa \u00e9 um actor ou int\u00e9rprete, pronto a surpreend\u00ea-lo.\" \/>\n<meta name=\"robots\" content=\"index, follow, max-snippet:-1, max-image-preview:large, max-video-preview:-1\" \/>\n<link rel=\"canonical\" href=\"https:\/\/galacricri.com\/pt-pt\/\" \/>\n<meta property=\"og:locale\" content=\"fr_FR\" \/>\n<meta property=\"og:type\" content=\"article\" \/>\n<meta property=\"og:title\" content=\"Gala Cricri Website\" \/>\n<meta property=\"og:description\" content=\"O Pal\u00e1cio do Grilo \u00e9 um restaurante no meio de um teatro vivo onde cada membro da equipa \u00e9 um actor ou int\u00e9rprete, pronto a surpreend\u00ea-lo.\" \/>\n<meta property=\"og:url\" content=\"https:\/\/galacricri.com\/pt-pt\/\" \/>\n<meta property=\"og:site_name\" content=\"Gala Cricri\" \/>\n<meta property=\"article:modified_time\" content=\"2022-11-25T00:04:51+00:00\" \/>\n<meta name=\"twitter:card\" content=\"summary_large_image\" \/>\n<script type=\"application\/ld+json\" class=\"yoast-schema-graph\">{\"@context\":\"https:\/\/schema.org\",\"@graph\":[{\"@type\":\"WebPage\",\"@id\":\"https:\/\/galacricri.com\/pt-pt\/\",\"url\":\"https:\/\/galacricri.com\/pt-pt\/\",\"name\":\"Gala Cricri Website\",\"isPartOf\":{\"@id\":\"https:\/\/galacricri.com\/#website\"},\"datePublished\":\"2021-11-25T08:48:45+00:00\",\"dateModified\":\"2022-11-25T00:04:51+00:00\",\"description\":\"O Pal\u00e1cio do Grilo \u00e9 um restaurante no meio de um teatro vivo onde cada membro da equipa \u00e9 um actor ou int\u00e9rprete, pronto a surpreend\u00ea-lo.\",\"breadcrumb\":{\"@id\":\"https:\/\/galacricri.com\/pt-pt\/#breadcrumb\"},\"inLanguage\":\"fr-FR\",\"potentialAction\":[{\"@type\":\"ReadAction\",\"target\":[\"https:\/\/galacricri.com\/pt-pt\/\"]}]},{\"@type\":\"BreadcrumbList\",\"@id\":\"https:\/\/galacricri.com\/pt-pt\/#breadcrumb\",\"itemListElement\":[{\"@type\":\"ListItem\",\"position\":1,\"name\":\"Home\",\"item\":\"https:\/\/galacricri.com\/pt-pt\/\"},{\"@type\":\"ListItem\",\"position\":2,\"name\":\"Home\"}]},{\"@type\":\"WebSite\",\"@id\":\"https:\/\/galacricri.com\/#website\",\"url\":\"https:\/\/galacricri.com\/\",\"name\":\"Gala Cricri\",\"description\":\"Palace and monuments in Lisbon\",\"potentialAction\":[{\"@type\":\"SearchAction\",\"target\":{\"@type\":\"EntryPoint\",\"urlTemplate\":\"https:\/\/galacricri.com\/?s={search_term_string}\"},\"query-input\":\"required name=search_term_string\"}],\"inLanguage\":\"fr-FR\"}]}<\/script>\n<!-- \/ Yoast SEO plugin. -->","yoast_head_json":{"title":"Gala Cricri Website","description":"O Pal\u00e1cio do Grilo \u00e9 um restaurante no meio de um teatro vivo onde cada membro da equipa \u00e9 um actor ou int\u00e9rprete, pronto a surpreend\u00ea-lo.","robots":{"index":"index","follow":"follow","max-snippet":"max-snippet:-1","max-image-preview":"max-image-preview:large","max-video-preview":"max-video-preview:-1"},"canonical":"https:\/\/galacricri.com\/pt-pt\/","og_locale":"fr_FR","og_type":"article","og_title":"Gala Cricri Website","og_description":"O Pal\u00e1cio do Grilo \u00e9 um restaurante no meio de um teatro vivo onde cada membro da equipa \u00e9 um actor ou int\u00e9rprete, pronto a surpreend\u00ea-lo.","og_url":"https:\/\/galacricri.com\/pt-pt\/","og_site_name":"Gala Cricri","article_modified_time":"2022-11-25T00:04:51+00:00","twitter_card":"summary_large_image","schema":{"@context":"https:\/\/schema.org","@graph":[{"@type":"WebPage","@id":"https:\/\/galacricri.com\/pt-pt\/","url":"https:\/\/galacricri.com\/pt-pt\/","name":"Gala Cricri Website","isPartOf":{"@id":"https:\/\/galacricri.com\/#website"},"datePublished":"2021-11-25T08:48:45+00:00","dateModified":"2022-11-25T00:04:51+00:00","description":"O Pal\u00e1cio do Grilo \u00e9 um restaurante no meio de um teatro vivo onde cada membro da equipa \u00e9 um actor ou int\u00e9rprete, pronto a surpreend\u00ea-lo.","breadcrumb":{"@id":"https:\/\/galacricri.com\/pt-pt\/#breadcrumb"},"inLanguage":"fr-FR","potentialAction":[{"@type":"ReadAction","target":["https:\/\/galacricri.com\/pt-pt\/"]}]},{"@type":"BreadcrumbList","@id":"https:\/\/galacricri.com\/pt-pt\/#breadcrumb","itemListElement":[{"@type":"ListItem","position":1,"name":"Home","item":"https:\/\/galacricri.com\/pt-pt\/"},{"@type":"ListItem","position":2,"name":"Home"}]},{"@type":"WebSite","@id":"https:\/\/galacricri.com\/#website","url":"https:\/\/galacricri.com\/","name":"Gala Cricri","description":"Palace and monuments in Lisbon","potentialAction":[{"@type":"SearchAction","target":{"@type":"EntryPoint","urlTemplate":"https:\/\/galacricri.com\/?s={search_term_string}"},"query-input":"required name=search_term_string"}],"inLanguage":"fr-FR"}]}},"_links":{"self":[{"href":"https:\/\/galacricri.com\/fr\/wp-json\/wp\/v2\/pages\/1815"}],"collection":[{"href":"https:\/\/galacricri.com\/fr\/wp-json\/wp\/v2\/pages"}],"about":[{"href":"https:\/\/galacricri.com\/fr\/wp-json\/wp\/v2\/types\/page"}],"author":[{"embeddable":true,"href":"https:\/\/galacricri.com\/fr\/wp-json\/wp\/v2\/users\/1"}],"replies":[{"embeddable":true,"href":"https:\/\/galacricri.com\/fr\/wp-json\/wp\/v2\/comments?post=1815"}],"version-history":[{"count":5,"href":"https:\/\/galacricri.com\/fr\/wp-json\/wp\/v2\/pages\/1815\/revisions"}],"predecessor-version":[{"id":3286,"href":"https:\/\/galacricri.com\/fr\/wp-json\/wp\/v2\/pages\/1815\/revisions\/3286"}],"wp:attachment":[{"href":"https:\/\/galacricri.com\/fr\/wp-json\/wp\/v2\/media?parent=1815"}],"curies":[{"name":"wp","href":"https:\/\/api.w.org\/{rel}","templated":true}]}}