{"id":276,"date":"2021-03-19T02:06:49","date_gmt":"2021-03-19T02:06:49","guid":{"rendered":"https:\/\/galacricri.com\/?page_id=347"},"modified":"2024-04-29T18:33:11","modified_gmt":"2024-04-29T17:33:11","slug":"agenda","status":"publish","type":"page","link":"https:\/\/galacricri.com\/pt-pt\/agenda\/","title":{"rendered":"Agenda"},"content":{"rendered":"<div class=\"bm-builder clearfix \"><div id=\"\" class=\"module col-0 module-id-1649923855428\" data-module-col=\"0\"><div class=\"module-inside slider-inside post-0-3088\" style=\"--top-mod: 0px;--bottom-mod: 0px;--top-mod-m:0px;--bottom-mod-m:0px;\" ><div class=\"slider-mod-wrap slider-style1 slide-des-bottom-left slide-arrow-show-default \" ><div class=\"owl-carousel \" data-item=\"1\" data-mobileitem=\"1\" data-center=\"false\" data-margin=\"0\" data-marginmobile=\"0\" data-autowidth=\"false\" data-slideby=\"1\" data-showdot=\"true\" data-loop=\"true\" data-nav=\"false\" data-mousedrag=\"false\" data-mousewheel=\"false\" data-transition=\"300\" data-auto=\"false\" data-autoplayTimeout=\"5000\" data-autohide=\"false\" data-lazy=\"true\" data-random=\"false\" ><section class=\"item\" data-logocolor=\"a\" data-menucolor=\"a\" data-id=\"post-0-3088\"><div class=\"slide-item-wrap\"><div class=\"slide-item-des\"><div class=\"slide-item-des-wrap\"><\/div><\/div><div class=\"carousel-img-wrap ux-ajax-page-transition-link\" style=\"\"><img src=\"data:image\/gif;base64,R0lGODlhAQABAIAAAAAAAP\/\/\/yH5BAEAAAAALAAAAAABAAEAAAIBRAA7\" data-src=\"https:\/\/galacricri.com\/wp-content\/uploads\/2022\/11\/reservation.jpg\" alt=\"\" data-srcset=\"https:\/\/galacricri.com\/wp-content\/uploads\/2022\/11\/reservation.jpg 2339w, https:\/\/galacricri.com\/wp-content\/uploads\/2022\/11\/reservation-300x212.jpg 300w, https:\/\/galacricri.com\/wp-content\/uploads\/2022\/11\/reservation-1024x724.jpg 1024w, https:\/\/galacricri.com\/wp-content\/uploads\/2022\/11\/reservation-768x543.jpg 768w, https:\/\/galacricri.com\/wp-content\/uploads\/2022\/11\/reservation-1536x1086.jpg 1536w, https:\/\/galacricri.com\/wp-content\/uploads\/2022\/11\/reservation-2048x1448.jpg 2048w, https:\/\/galacricri.com\/wp-content\/uploads\/2022\/11\/reservation-350x247.jpg 350w, https:\/\/galacricri.com\/wp-content\/uploads\/2022\/11\/reservation-650x460.jpg 650w, https:\/\/galacricri.com\/wp-content\/uploads\/2022\/11\/reservation-1000x707.jpg 1000w, https:\/\/galacricri.com\/wp-content\/uploads\/2022\/11\/reservation-2000x1414.jpg 2000w\" data-sizes=\"(max-width: 480px) 320px,(max-width: 767px) 500px,(max-width: 2339px) 100vw, 2339px\" class=\"grid-item-img owl-lazy lazy\" ><\/div><\/div><\/section><\/div><!--End owl --><\/div><\/div><\/div><div id=\"herotitle\" class=\"module col-12 module-id-1649921822636 col-offset-0\" data-module-col=\"12\"><div class=\"module-inside text-inside\" style=\"--top-mod: 0px;--bottom-mod: 0px;--top-mod-m:0px;--bottom-mod-m:0px;\" ><div class=\"text_block_out\"  data-effect=\"standard\" style=\"\"><div class=\"text_block ux-mod-nobg\"><div class=\"text_block_inn\"><div id=\"text-1649921822636\" class=\"text_block_centered text_block_centered_enable_width\"  style=\"\"><h2><span style=\"font-family: ux-font-1649885179906; font-size: 60px; color: #ffffff;\">A<\/span><span style=\"font-family: ux-font-1649885179906; font-size: 60px; color: #ffffff;\">genda<\/span><\/h2>\n<p>&nbsp;<\/p><\/div><\/div><\/div><\/div><\/div><\/div><div id=\"\" class=\"module col-12 module-id-1649804476689 col-offset-0\" data-module-col=\"12\"><div class=\"module-inside text-inside\" style=\"--top-mod: 0px;--bottom-mod: 0px;--top-mod-m:0px;--bottom-mod-m:0px;\" ><div class=\"text_block_out\"  data-effect=\"standard\" style=\"\"><div class=\"text_block ux-mod-nobg\"><div class=\"text_block_inn\"><div id=\"text-1649804476689\" class=\"text_block_centered text_block_centered_enable_width\"  style=\"\"><p><strong><span style=\"font-size: 30px;\">&nbsp;Pol\u00edgono<\/span><\/strong><\/p>\n<p>&nbsp;<span style=\"line-height: 1.9;\"> &nbsp;Sextas e s\u00e1bados<\/span><\/p>\n<p><br>&nbsp; &nbsp; A noite dos djs come\u00e7a \u00e0s 23h e voc\u00ea pode curtir nossa pista de dan\u00e7a envolvente at\u00e9 as 4h.<\/p>\n<p>&nbsp; <span style=\"line-height: 1.5;\">&nbsp;Para eventos especiais envie um e-mail para <span style=\"color: #800000;\">contact@galacricri.com<\/span><\/span><\/p><\/div><\/div><\/div><\/div><\/div><\/div><div id=\"\" class=\"module col-12 module-id-1676227636258\" data-module-col=\"12\"><div class=\"module-inside text-inside\" style=\"--top-mod: 0px;--bottom-mod: 0px;--top-mod-m:0px;--bottom-mod-m:0px;\" ><div class=\"text_block_out\"  data-effect=\"standard\" style=\"\"><div class=\"text_block ux-mod-nobg\"><div class=\"text_block_inn\"><div id=\"text-1676227636258\" class=\"text_block_centered text_block_centered_enable_width\"  style=\"\"><p class=\"p1\"><span style=\"font-size: 24px;\"><strong>Gala Cri Cri Tickets<\/strong><\/span><\/p>\n<p>&nbsp;<\/p>\n<p class=\"p1\">&nbsp; Voc\u00ea \u00e9 sempre um convidado especial no Gala Cricri.<\/p>\n<p><iframe style=\"width: 100%; height: 800px; max-height: calc(100vh - 200px);\" src=\"https:\/\/shotgun.live\/venues\/galacricri?embedded=true&amp;ui=light&amp;transparentBackground=true\" frameborder=\"0\">\n<\/iframe><\/p>\n<p class=\"p1\">&nbsp;<\/p>\n<p>&nbsp;<\/p>\n<p>&nbsp;<\/p><\/div><\/div><\/div><\/div><\/div><\/div><\/div>","protected":false},"excerpt":{"rendered":"<p>Agenda &nbsp;&nbsp;Pol\u00edgono &nbsp; &nbsp;Sextas e s\u00e1bados &nbsp; &nbsp; A noite &hellip;<\/p>\n","protected":false},"author":1,"featured_media":0,"parent":0,"menu_order":0,"comment_status":"closed","ping_status":"closed","template":"","meta":{"inline_featured_image":false,"_mi_skip_tracking":false},"acf":[],"yoast_head":"<!-- This site is optimized with the Yoast SEO plugin v19.10 - https:\/\/yoast.com\/wordpress\/plugins\/seo\/ -->\n<title>Gala Cricri - Agenda<\/title>\n<meta name=\"description\" content=\"Agenda de eventos\" \/>\n<meta name=\"robots\" content=\"index, follow, max-snippet:-1, max-image-preview:large, max-video-preview:-1\" \/>\n<link rel=\"canonical\" href=\"https:\/\/galacricri.com\/pt-pt\/agenda\/\" \/>\n<meta property=\"og:locale\" content=\"pt_PT\" \/>\n<meta property=\"og:type\" content=\"article\" \/>\n<meta property=\"og:title\" content=\"Gala Cricri - Agenda\" \/>\n<meta property=\"og:description\" content=\"Agenda de eventos\" \/>\n<meta property=\"og:url\" content=\"https:\/\/galacricri.com\/pt-pt\/agenda\/\" \/>\n<meta property=\"og:site_name\" content=\"Gala Cricri\" \/>\n<meta property=\"article:modified_time\" content=\"2024-04-29T17:33:11+00:00\" \/>\n<meta name=\"twitter:card\" content=\"summary_large_image\" \/>\n<script type=\"application\/ld+json\" class=\"yoast-schema-graph\">{\"@context\":\"https:\/\/schema.org\",\"@graph\":[{\"@type\":\"WebPage\",\"@id\":\"https:\/\/galacricri.com\/pt-pt\/agenda\/\",\"url\":\"https:\/\/galacricri.com\/pt-pt\/agenda\/\",\"name\":\"Gala Cricri - Agenda\",\"isPartOf\":{\"@id\":\"https:\/\/galacricri.com\/#website\"},\"datePublished\":\"2021-03-19T02:06:49+00:00\",\"dateModified\":\"2024-04-29T17:33:11+00:00\",\"description\":\"Agenda de eventos\",\"breadcrumb\":{\"@id\":\"https:\/\/galacricri.com\/pt-pt\/agenda\/#breadcrumb\"},\"inLanguage\":\"pt-PT\",\"potentialAction\":[{\"@type\":\"ReadAction\",\"target\":[\"https:\/\/galacricri.com\/pt-pt\/agenda\/\"]}]},{\"@type\":\"BreadcrumbList\",\"@id\":\"https:\/\/galacricri.com\/pt-pt\/agenda\/#breadcrumb\",\"itemListElement\":[{\"@type\":\"ListItem\",\"position\":1,\"name\":\"Home\",\"item\":\"https:\/\/galacricri.com\/pt-pt\/agency-2\/\"},{\"@type\":\"ListItem\",\"position\":2,\"name\":\"Agenda\"}]},{\"@type\":\"WebSite\",\"@id\":\"https:\/\/galacricri.com\/#website\",\"url\":\"https:\/\/galacricri.com\/\",\"name\":\"Gala Cricri\",\"description\":\"Palace and monuments in Lisbon\",\"potentialAction\":[{\"@type\":\"SearchAction\",\"target\":{\"@type\":\"EntryPoint\",\"urlTemplate\":\"https:\/\/galacricri.com\/?s={search_term_string}\"},\"query-input\":\"required name=search_term_string\"}],\"inLanguage\":\"pt-PT\"}]}<\/script>\n<!-- \/ Yoast SEO plugin. -->","yoast_head_json":{"title":"Gala Cricri - Agenda","description":"Agenda de eventos","robots":{"index":"index","follow":"follow","max-snippet":"max-snippet:-1","max-image-preview":"max-image-preview:large","max-video-preview":"max-video-preview:-1"},"canonical":"https:\/\/galacricri.com\/pt-pt\/agenda\/","og_locale":"pt_PT","og_type":"article","og_title":"Gala Cricri - Agenda","og_description":"Agenda de eventos","og_url":"https:\/\/galacricri.com\/pt-pt\/agenda\/","og_site_name":"Gala Cricri","article_modified_time":"2024-04-29T17:33:11+00:00","twitter_card":"summary_large_image","schema":{"@context":"https:\/\/schema.org","@graph":[{"@type":"WebPage","@id":"https:\/\/galacricri.com\/pt-pt\/agenda\/","url":"https:\/\/galacricri.com\/pt-pt\/agenda\/","name":"Gala Cricri - Agenda","isPartOf":{"@id":"https:\/\/galacricri.com\/#website"},"datePublished":"2021-03-19T02:06:49+00:00","dateModified":"2024-04-29T17:33:11+00:00","description":"Agenda de eventos","breadcrumb":{"@id":"https:\/\/galacricri.com\/pt-pt\/agenda\/#breadcrumb"},"inLanguage":"pt-PT","potentialAction":[{"@type":"ReadAction","target":["https:\/\/galacricri.com\/pt-pt\/agenda\/"]}]},{"@type":"BreadcrumbList","@id":"https:\/\/galacricri.com\/pt-pt\/agenda\/#breadcrumb","itemListElement":[{"@type":"ListItem","position":1,"name":"Home","item":"https:\/\/galacricri.com\/pt-pt\/agency-2\/"},{"@type":"ListItem","position":2,"name":"Agenda"}]},{"@type":"WebSite","@id":"https:\/\/galacricri.com\/#website","url":"https:\/\/galacricri.com\/","name":"Gala Cricri","description":"Palace and monuments in Lisbon","potentialAction":[{"@type":"SearchAction","target":{"@type":"EntryPoint","urlTemplate":"https:\/\/galacricri.com\/?s={search_term_string}"},"query-input":"required name=search_term_string"}],"inLanguage":"pt-PT"}]}},"_links":{"self":[{"href":"https:\/\/galacricri.com\/pt-pt\/wp-json\/wp\/v2\/pages\/276"}],"collection":[{"href":"https:\/\/galacricri.com\/pt-pt\/wp-json\/wp\/v2\/pages"}],"about":[{"href":"https:\/\/galacricri.com\/pt-pt\/wp-json\/wp\/v2\/types\/page"}],"author":[{"embeddable":true,"href":"https:\/\/galacricri.com\/pt-pt\/wp-json\/wp\/v2\/users\/1"}],"replies":[{"embeddable":true,"href":"https:\/\/galacricri.com\/pt-pt\/wp-json\/wp\/v2\/comments?post=276"}],"version-history":[{"count":13,"href":"https:\/\/galacricri.com\/pt-pt\/wp-json\/wp\/v2\/pages\/276\/revisions"}],"predecessor-version":[{"id":3370,"href":"https:\/\/galacricri.com\/pt-pt\/wp-json\/wp\/v2\/pages\/276\/revisions\/3370"}],"wp:attachment":[{"href":"https:\/\/galacricri.com\/pt-pt\/wp-json\/wp\/v2\/media?parent=276"}],"curies":[{"name":"wp","href":"https:\/\/api.w.org\/{rel}","templated":true}]}}