{"id":424,"date":"2022-04-14T08:49:16","date_gmt":"2022-04-14T07:49:16","guid":{"rendered":"https:\/\/galacricri.com\/?page_id=424"},"modified":"2022-11-24T23:58:31","modified_gmt":"2022-11-24T23:58:31","slug":"about","status":"publish","type":"page","link":"https:\/\/galacricri.com\/pt-pt\/about\/","title":{"rendered":"About"},"content":{"rendered":"<div class=\"bm-builder clearfix \"><div id=\"\" class=\"module col-0 module-id-1649926062695\" data-module-col=\"0\"><div class=\"module-inside slider-inside post-0-3092\" style=\"--top-mod: 0px;--bottom-mod: 0px;--top-mod-m:0px;--bottom-mod-m:0px;\" ><div class=\"slider-mod-wrap slider-style1 slide-des-bottom-left slide-arrow-show-default \" ><div class=\"owl-carousel \" data-item=\"1\" data-mobileitem=\"1\" data-center=\"false\" data-margin=\"0\" data-marginmobile=\"0\" data-autowidth=\"false\" data-slideby=\"1\" data-showdot=\"true\" data-loop=\"true\" data-nav=\"false\" data-mousedrag=\"false\" data-mousewheel=\"false\" data-transition=\"300\" data-auto=\"false\" data-autoplayTimeout=\"5000\" data-autohide=\"false\" data-lazy=\"true\" data-random=\"false\" ><section class=\"item\" data-logocolor=\"a\" data-menucolor=\"a\" data-id=\"post-0-3092\"><div class=\"slide-item-wrap\"><div class=\"slide-item-des\"><div class=\"slide-item-des-wrap\"><\/div><\/div><div class=\"carousel-img-wrap ux-ajax-page-transition-link\" style=\"\"><img src=\"data:image\/gif;base64,R0lGODlhAQABAIAAAAAAAP\/\/\/yH5BAEAAAAALAAAAAABAAEAAAIBRAA7\" data-src=\"https:\/\/galacricri.com\/wp-content\/uploads\/2022\/11\/about.jpg\" alt=\"\" data-srcset=\"https:\/\/galacricri.com\/wp-content\/uploads\/2022\/11\/about.jpg 2265w, https:\/\/galacricri.com\/wp-content\/uploads\/2022\/11\/about-300x207.jpg 300w, https:\/\/galacricri.com\/wp-content\/uploads\/2022\/11\/about-1024x707.jpg 1024w, https:\/\/galacricri.com\/wp-content\/uploads\/2022\/11\/about-768x530.jpg 768w, https:\/\/galacricri.com\/wp-content\/uploads\/2022\/11\/about-1536x1060.jpg 1536w, https:\/\/galacricri.com\/wp-content\/uploads\/2022\/11\/about-2048x1413.jpg 2048w, https:\/\/galacricri.com\/wp-content\/uploads\/2022\/11\/about-350x242.jpg 350w, https:\/\/galacricri.com\/wp-content\/uploads\/2022\/11\/about-650x449.jpg 650w, https:\/\/galacricri.com\/wp-content\/uploads\/2022\/11\/about-1000x690.jpg 1000w, https:\/\/galacricri.com\/wp-content\/uploads\/2022\/11\/about-2000x1380.jpg 2000w\" data-sizes=\"(max-width: 480px) 320px,(max-width: 767px) 500px,(max-width: 2265px) 100vw, 2265px\" class=\"grid-item-img owl-lazy lazy\" ><\/div><\/div><\/section><\/div><!--End owl --><\/div><\/div><\/div><div id=\"herotitle\" class=\"module col-12 module-id-1649926063186 col-offset-0\" data-module-col=\"12\"><div class=\"module-inside text-inside\" style=\"--top-mod: 0px;--bottom-mod: 0px;--top-mod-m:0px;--bottom-mod-m:0px;\" ><div class=\"text_block_out\"  data-effect=\"standard\" style=\"\"><div class=\"text_block ux-mod-nobg\"><div class=\"text_block_inn\"><div id=\"text-1649926063186\" class=\"text_block_centered text_block_centered_enable_width\"  style=\"\"><h2><span style=\"font-family: ux-font-1649885179906; font-size: 60px; color: #ffffff;\">Sobre N\u00f3s<\/span><\/h2><\/div><\/div><\/div><\/div><\/div><\/div><div id=\"\" class=\"module col-12 module-id-1649926063634 col-offset-0\" data-module-col=\"12\"><div class=\"module-inside text-inside\" style=\"--top-mod: 0px;--bottom-mod: 0px;--top-mod-m:0px;--bottom-mod-m:0px;\" ><div class=\"text_block_out\"  data-effect=\"standard\" style=\"\"><div class=\"text_block ux-mod-nobg\"><div class=\"text_block_inn\"><div id=\"text-1649926063634\" class=\"text_block_centered text_block_centered_enable_width\"  style=\"\"><p>&nbsp; Gala Cricri \u00e9 um local de dan\u00e7a, situado na antiga Academia das Ci\u00eancias no Pal\u00e1cio do Grilo. O local \u00e9 animado por musica.<\/p>\n<p>&nbsp;<\/p>\n<p>&nbsp; Um lugar cuja iniciativa vem do desejo de dedicar um espa\u00e7o \u00e0 dan\u00e7a um pouco fant\u00e1stico onde a cenografia e os figurinos est\u00e3o muito presentes para nos mergulhar numa atmosfera de sonho. \u00c9&nbsp;poss\u00edvel tomar uma bebida.<\/p>\n<p>&nbsp;<\/p>\n<p>&nbsp; O local est\u00e1 aberto de sexta a s\u00e1bado a partir das 22 horas e situa-se na parte de tr\u00e1s \u00e0 esquerda do p\u00e1tio de entrada do Pal\u00e1cio do Grilo.<\/p><\/div><\/div><\/div><\/div><\/div><\/div><\/div>","protected":false},"excerpt":{"rendered":"<p>Sobre N\u00f3s&nbsp; Gala Cricri \u00e9 um local de dan\u00e7a, situado &hellip;<\/p>\n","protected":false},"author":1,"featured_media":0,"parent":0,"menu_order":0,"comment_status":"closed","ping_status":"closed","template":"","meta":{"inline_featured_image":false,"_mi_skip_tracking":false},"acf":[],"yoast_head":"<!-- This site is optimized with the Yoast SEO plugin v19.10 - https:\/\/yoast.com\/wordpress\/plugins\/seo\/ -->\n<title>Gala Cricri - Princ\u00edpios<\/title>\n<meta name=\"description\" content=\"Jantar, Almo\u00e7o, Bebidas, Passear num grande teatro vivo\" \/>\n<meta name=\"robots\" content=\"index, follow, max-snippet:-1, max-image-preview:large, max-video-preview:-1\" \/>\n<link rel=\"canonical\" href=\"https:\/\/galacricri.com\/pt-pt\/about\/\" \/>\n<meta property=\"og:locale\" content=\"pt_PT\" \/>\n<meta property=\"og:type\" content=\"article\" \/>\n<meta property=\"og:title\" content=\"Gala Cricri - Princ\u00edpios\" \/>\n<meta property=\"og:description\" content=\"Jantar, Almo\u00e7o, Bebidas, Passear num grande teatro vivo\" \/>\n<meta property=\"og:url\" content=\"https:\/\/galacricri.com\/pt-pt\/about\/\" \/>\n<meta property=\"og:site_name\" content=\"Gala Cricri\" \/>\n<meta property=\"article:modified_time\" content=\"2022-11-24T23:58:31+00:00\" \/>\n<meta name=\"twitter:card\" content=\"summary_large_image\" \/>\n<script type=\"application\/ld+json\" class=\"yoast-schema-graph\">{\"@context\":\"https:\/\/schema.org\",\"@graph\":[{\"@type\":\"WebPage\",\"@id\":\"https:\/\/galacricri.com\/pt-pt\/about\/\",\"url\":\"https:\/\/galacricri.com\/pt-pt\/about\/\",\"name\":\"Gala Cricri - Princ\u00edpios\",\"isPartOf\":{\"@id\":\"https:\/\/galacricri.com\/#website\"},\"datePublished\":\"2022-04-14T07:49:16+00:00\",\"dateModified\":\"2022-11-24T23:58:31+00:00\",\"description\":\"Jantar, Almo\u00e7o, Bebidas, Passear num grande teatro vivo\",\"breadcrumb\":{\"@id\":\"https:\/\/galacricri.com\/pt-pt\/about\/#breadcrumb\"},\"inLanguage\":\"pt-PT\",\"potentialAction\":[{\"@type\":\"ReadAction\",\"target\":[\"https:\/\/galacricri.com\/pt-pt\/about\/\"]}]},{\"@type\":\"BreadcrumbList\",\"@id\":\"https:\/\/galacricri.com\/pt-pt\/about\/#breadcrumb\",\"itemListElement\":[{\"@type\":\"ListItem\",\"position\":1,\"name\":\"Home\",\"item\":\"https:\/\/galacricri.com\/pt-pt\/agency-2\/\"},{\"@type\":\"ListItem\",\"position\":2,\"name\":\"About\"}]},{\"@type\":\"WebSite\",\"@id\":\"https:\/\/galacricri.com\/#website\",\"url\":\"https:\/\/galacricri.com\/\",\"name\":\"Gala Cricri\",\"description\":\"Palace and monuments in Lisbon\",\"potentialAction\":[{\"@type\":\"SearchAction\",\"target\":{\"@type\":\"EntryPoint\",\"urlTemplate\":\"https:\/\/galacricri.com\/?s={search_term_string}\"},\"query-input\":\"required name=search_term_string\"}],\"inLanguage\":\"pt-PT\"}]}<\/script>\n<!-- \/ Yoast SEO plugin. -->","yoast_head_json":{"title":"Gala Cricri - Princ\u00edpios","description":"Jantar, Almo\u00e7o, Bebidas, Passear num grande teatro vivo","robots":{"index":"index","follow":"follow","max-snippet":"max-snippet:-1","max-image-preview":"max-image-preview:large","max-video-preview":"max-video-preview:-1"},"canonical":"https:\/\/galacricri.com\/pt-pt\/about\/","og_locale":"pt_PT","og_type":"article","og_title":"Gala Cricri - Princ\u00edpios","og_description":"Jantar, Almo\u00e7o, Bebidas, Passear num grande teatro vivo","og_url":"https:\/\/galacricri.com\/pt-pt\/about\/","og_site_name":"Gala Cricri","article_modified_time":"2022-11-24T23:58:31+00:00","twitter_card":"summary_large_image","schema":{"@context":"https:\/\/schema.org","@graph":[{"@type":"WebPage","@id":"https:\/\/galacricri.com\/pt-pt\/about\/","url":"https:\/\/galacricri.com\/pt-pt\/about\/","name":"Gala Cricri - Princ\u00edpios","isPartOf":{"@id":"https:\/\/galacricri.com\/#website"},"datePublished":"2022-04-14T07:49:16+00:00","dateModified":"2022-11-24T23:58:31+00:00","description":"Jantar, Almo\u00e7o, Bebidas, Passear num grande teatro vivo","breadcrumb":{"@id":"https:\/\/galacricri.com\/pt-pt\/about\/#breadcrumb"},"inLanguage":"pt-PT","potentialAction":[{"@type":"ReadAction","target":["https:\/\/galacricri.com\/pt-pt\/about\/"]}]},{"@type":"BreadcrumbList","@id":"https:\/\/galacricri.com\/pt-pt\/about\/#breadcrumb","itemListElement":[{"@type":"ListItem","position":1,"name":"Home","item":"https:\/\/galacricri.com\/pt-pt\/agency-2\/"},{"@type":"ListItem","position":2,"name":"About"}]},{"@type":"WebSite","@id":"https:\/\/galacricri.com\/#website","url":"https:\/\/galacricri.com\/","name":"Gala Cricri","description":"Palace and monuments in Lisbon","potentialAction":[{"@type":"SearchAction","target":{"@type":"EntryPoint","urlTemplate":"https:\/\/galacricri.com\/?s={search_term_string}"},"query-input":"required name=search_term_string"}],"inLanguage":"pt-PT"}]}},"_links":{"self":[{"href":"https:\/\/galacricri.com\/pt-pt\/wp-json\/wp\/v2\/pages\/424"}],"collection":[{"href":"https:\/\/galacricri.com\/pt-pt\/wp-json\/wp\/v2\/pages"}],"about":[{"href":"https:\/\/galacricri.com\/pt-pt\/wp-json\/wp\/v2\/types\/page"}],"author":[{"embeddable":true,"href":"https:\/\/galacricri.com\/pt-pt\/wp-json\/wp\/v2\/users\/1"}],"replies":[{"embeddable":true,"href":"https:\/\/galacricri.com\/pt-pt\/wp-json\/wp\/v2\/comments?post=424"}],"version-history":[{"count":5,"href":"https:\/\/galacricri.com\/pt-pt\/wp-json\/wp\/v2\/pages\/424\/revisions"}],"predecessor-version":[{"id":3099,"href":"https:\/\/galacricri.com\/pt-pt\/wp-json\/wp\/v2\/pages\/424\/revisions\/3099"}],"wp:attachment":[{"href":"https:\/\/galacricri.com\/pt-pt\/wp-json\/wp\/v2\/media?parent=424"}],"curies":[{"name":"wp","href":"https:\/\/api.w.org\/{rel}","templated":true}]}}